{"id":1738,"date":"2023-12-20T14:41:32","date_gmt":"2023-12-20T14:41:32","guid":{"rendered":"https:\/\/prod.koiosintelligence.ca\/?page_id=1738"},"modified":"2025-08-21T17:44:42","modified_gmt":"2025-08-21T17:44:42","slug":"privacy-policy","status":"publish","type":"page","link":"https:\/\/koiosintelligence.ca\/fr\/privacy-policy\/","title":{"rendered":"Politique De Confidentialit\u00e9"},"content":{"rendered":"<div class=\"fusion-fullwidth fullwidth-box fusion-builder-row-1 nonhundred-percent-fullwidth non-hundred-percent-height-scrolling\" style=\"--awb-border-radius-top-left:0px;--awb-border-radius-top-right:0px;--awb-border-radius-bottom-right:0px;--awb-border-radius-bottom-left:0px;--awb-padding-top:100px;--awb-padding-bottom:100px;--awb-flex-wrap:wrap;\" ><div class=\"fusion-builder-row fusion-row\"><div class=\"fusion-layout-column fusion_builder_column fusion-builder-column-0 fusion_builder_column_1_1 1_1 fusion-one-full fusion-column-first fusion-column-last\" style=\"--awb-padding-right:50px;--awb-padding-left:50px;--awb-bg-size:cover;--awb-margin-bottom:0px;\"><div class=\"fusion-column-wrapper fusion-flex-column-wrapper-legacy\"><div class=\"fusion-text fusion-text-1\"><\/p>\n<h2 class=\"wp-block-heading\">Qui sommes-nous ?<\/h2>\n<\/p>\n<p>L'adresse de notre site web est : https:\/\/koiosintelligence.ca.<\/p>\n<\/p>\n<h2 class=\"wp-block-heading\">Commentaires<\/h2>\n<\/p>\n<p>Lorsque les visiteurs laissent des commentaires sur le site, nous recueillons les donn\u00e9es indiqu\u00e9es dans le formulaire de commentaires, ainsi que l'adresse IP du visiteur et la cha\u00eene d'agent utilisateur du navigateur afin de faciliter la d\u00e9tection des spams.<\/p>\n<\/p>\n<p>Une cha\u00eene anonymis\u00e9e g\u00e9n\u00e9r\u00e9e \u00e0 partir de votre adresse e-mail (\u00e9galement appel\u00e9e \u00ab hachage \u00bb) peut \u00eatre transmise au service Gravatar afin de v\u00e9rifier si vous l'utilisez. La politique de confidentialit\u00e9 du service Gravatar est disponible ici : https:\/\/automattic.com\/privacy\/. Une fois votre commentaire approuv\u00e9, votre photo de profil sera visible par le public dans le contexte de votre commentaire.<\/p>\n<\/p>\n<h2 class=\"wp-block-heading\">M\u00e9dias<\/h2>\n<\/p>\n<p>Si vous t\u00e9l\u00e9chargez des images sur le site web, vous devez \u00e9viter de t\u00e9l\u00e9charger des images contenant des donn\u00e9es de localisation int\u00e9gr\u00e9es (EXIF GPS). Les visiteurs du site web peuvent t\u00e9l\u00e9charger et extraire toutes les donn\u00e9es de localisation des images pr\u00e9sentes sur le site.<\/p>\n<\/p>\n<h2 class=\"wp-block-heading\">Cookies<\/h2>\n<\/p>\n<p>Si vous laissez un commentaire sur notre site, vous pouvez choisir d'enregistrer votre nom, votre adresse e-mail et votre site web dans des cookies. Ceux-ci sont destin\u00e9s \u00e0 vous faciliter la t\u00e2che afin que vous n'ayez pas \u00e0 saisir \u00e0 nouveau vos coordonn\u00e9es lorsque vous laisserez un autre commentaire. Ces cookies ont une dur\u00e9e de vie d'un an.<\/p>\n<\/p>\n<p>Si vous visitez notre page de connexion, nous installerons un cookie temporaire pour d\u00e9terminer si votre navigateur accepte les cookies. Ce cookie ne contient aucune donn\u00e9e personnelle et est supprim\u00e9 lorsque vous fermez votre navigateur.<\/p>\n<\/p>\n<p>Lorsque vous vous connectez, nous installons \u00e9galement plusieurs cookies afin d'enregistrer vos informations de connexion et vos pr\u00e9f\u00e9rences d'affichage. Les cookies de connexion ont une dur\u00e9e de vie de deux jours, tandis que ceux relatifs aux pr\u00e9f\u00e9rences d'affichage sont valables pendant un an. Si vous cochez la case \u00ab Se souvenir de moi \u00bb, votre connexion restera active pendant deux semaines. Si vous vous d\u00e9connectez de votre compte, les cookies de connexion seront supprim\u00e9s.<\/p>\n<\/p>\n<p>Si vous modifiez ou publiez un article, un cookie suppl\u00e9mentaire sera enregistr\u00e9 dans votre navigateur. Ce cookie ne contient aucune donn\u00e9e personnelle et indique simplement l'identifiant de l'article que vous venez de modifier. Il expire au bout d'un jour.<\/p>\n<\/p>\n<h2 class=\"wp-block-heading\">Contenu int\u00e9gr\u00e9 provenant d'autres sites web<\/h2>\n<\/p>\n<p>Les articles publi\u00e9s sur ce site peuvent inclure du contenu int\u00e9gr\u00e9 (par exemple, des vid\u00e9os, des images, des articles, etc.). Le contenu int\u00e9gr\u00e9 provenant d'autres sites web se comporte exactement de la m\u00eame mani\u00e8re que si le visiteur avait consult\u00e9 directement ce site web.<\/p>\n<\/p>\n<p>Ces sites web peuvent collecter des donn\u00e9es vous concernant, utiliser des cookies, int\u00e9grer des syst\u00e8mes de suivi tiers suppl\u00e9mentaires et surveiller votre interaction avec ce contenu int\u00e9gr\u00e9, y compris le suivi de votre interaction avec le contenu int\u00e9gr\u00e9 si vous disposez d'un compte et \u00eates connect\u00e9 \u00e0 ce site web.<\/p>\n<\/p>\n<h2 class=\"wp-block-heading\">Avec qui nous partageons vos donn\u00e9es<\/h2>\n<\/p>\n<p>Si vous demandez une r\u00e9initialisation de mot de passe, votre adresse IP sera incluse dans l'e-mail de r\u00e9initialisation.<\/p>\n<\/p>\n<h2 class=\"wp-block-heading\">Combien de temps conservons-nous vos donn\u00e9es ?<\/h2>\n<\/p>\n<p>Si vous laissez un commentaire, celui-ci ainsi que ses m\u00e9tadonn\u00e9es sont conserv\u00e9s ind\u00e9finiment. Cela nous permet de reconna\u00eetre et d'approuver automatiquement les commentaires suivants, plut\u00f4t que de les placer dans une file d'attente de mod\u00e9ration.<\/p>\n<\/p>\n<p>Pour les utilisateurs qui s'inscrivent sur notre site web (le cas \u00e9ch\u00e9ant), nous conservons \u00e9galement les informations personnelles qu'ils fournissent dans leur profil d'utilisateur. Tous les utilisateurs peuvent consulter, modifier ou supprimer leurs informations personnelles \u00e0 tout moment (\u00e0 l'exception de leur nom d'utilisateur, qu'ils ne peuvent pas modifier). Les administrateurs du site web peuvent \u00e9galement consulter et modifier ces informations.<\/p>\n<\/p>\n<h2 class=\"wp-block-heading\">Quels sont vos droits concernant vos donn\u00e9es<\/h2>\n<\/p>\n<p>Si vous disposez d'un compte sur ce site ou si vous avez laiss\u00e9 des commentaires, vous pouvez demander \u00e0 recevoir un fichier export\u00e9 contenant les donn\u00e9es personnelles que nous d\u00e9tenons \u00e0 votre sujet, y compris toutes les donn\u00e9es que vous nous avez fournies. Vous pouvez \u00e9galement demander que nous effacions toutes les donn\u00e9es personnelles que nous d\u00e9tenons \u00e0 votre sujet. Cela n'inclut pas les donn\u00e9es que nous sommes tenus de conserver \u00e0 des fins administratives, l\u00e9gales ou de s\u00e9curit\u00e9.<\/p>\n<\/p>\n<h2 class=\"wp-block-heading\">O\u00f9 vos donn\u00e9es sont-elles envoy\u00e9es ?<\/h2>\n<\/p>\n<p>Les commentaires des visiteurs peuvent \u00eatre v\u00e9rifi\u00e9s par un service automatis\u00e9 de d\u00e9tection de spam.<\/p><\/p>\n<\/div><div class=\"fusion-clearfix\"><\/div><\/div><\/div><\/div><\/div>","protected":false},"excerpt":{"rendered":"","protected":false},"author":2,"featured_media":0,"parent":0,"menu_order":0,"comment_status":"closed","ping_status":"closed","template":"","meta":{"_acf_changed":false,"footnotes":""},"class_list":["post-1738","page","type-page","status-publish","hentry"],"acf":[],"yoast_head":"<!-- This site is optimized with the Yoast SEO plugin v27.3 - https:\/\/yoast.com\/product\/yoast-seo-wordpress\/ -->\n<title>Privacy Policy - Ko\u00efos Intelligence<\/title>\n<meta name=\"robots\" content=\"index, follow, max-snippet:-1, max-image-preview:large, max-video-preview:-1\" \/>\n<link rel=\"canonical\" href=\"https:\/\/koiosintelligence.ca\/fr\/privacy-policy\/\" \/>\n<meta property=\"og:locale\" content=\"fr_CA\" \/>\n<meta property=\"og:type\" content=\"article\" \/>\n<meta property=\"og:title\" content=\"Privacy Policy - Ko\u00efos Intelligence\" \/>\n<meta property=\"og:url\" content=\"https:\/\/koiosintelligence.ca\/fr\/privacy-policy\/\" \/>\n<meta property=\"og:site_name\" content=\"Ko\u00efos Intelligence\" \/>\n<meta property=\"article:modified_time\" content=\"2025-08-21T17:44:42+00:00\" \/>\n<meta name=\"twitter:card\" content=\"summary_large_image\" \/>\n<meta name=\"twitter:label1\" content=\"Estimation du temps de lecture\" \/>\n\t<meta name=\"twitter:data1\" content=\"3 minutes\" \/>\n<script type=\"application\/ld+json\" class=\"yoast-schema-graph\">{\"@context\":\"https:\\\/\\\/schema.org\",\"@graph\":[{\"@type\":\"WebPage\",\"@id\":\"https:\\\/\\\/koiosintelligence.ca\\\/privacy-policy\\\/\",\"url\":\"https:\\\/\\\/koiosintelligence.ca\\\/privacy-policy\\\/\",\"name\":\"Privacy Policy - Ko\u00efos Intelligence\",\"isPartOf\":{\"@id\":\"https:\\\/\\\/koiosintelligence.ca\\\/#website\"},\"datePublished\":\"2023-12-20T14:41:32+00:00\",\"dateModified\":\"2025-08-21T17:44:42+00:00\",\"breadcrumb\":{\"@id\":\"https:\\\/\\\/koiosintelligence.ca\\\/privacy-policy\\\/#breadcrumb\"},\"inLanguage\":\"fr-CA\",\"potentialAction\":[{\"@type\":\"ReadAction\",\"target\":[\"https:\\\/\\\/koiosintelligence.ca\\\/privacy-policy\\\/\"]}]},{\"@type\":\"BreadcrumbList\",\"@id\":\"https:\\\/\\\/koiosintelligence.ca\\\/privacy-policy\\\/#breadcrumb\",\"itemListElement\":[{\"@type\":\"ListItem\",\"position\":1,\"name\":\"Home\",\"item\":\"https:\\\/\\\/koiosintelligence.ca\\\/\"},{\"@type\":\"ListItem\",\"position\":2,\"name\":\"Privacy Policy\"}]},{\"@type\":\"WebSite\",\"@id\":\"https:\\\/\\\/koiosintelligence.ca\\\/#website\",\"url\":\"https:\\\/\\\/koiosintelligence.ca\\\/\",\"name\":\"Ko\u00efos Intelligence\",\"description\":\"Delivering the next generation of intelligent systems for finance and insurance\",\"potentialAction\":[{\"@type\":\"SearchAction\",\"target\":{\"@type\":\"EntryPoint\",\"urlTemplate\":\"https:\\\/\\\/koiosintelligence.ca\\\/?s={search_term_string}\"},\"query-input\":{\"@type\":\"PropertyValueSpecification\",\"valueRequired\":true,\"valueName\":\"search_term_string\"}}],\"inLanguage\":\"fr-CA\"}]}<\/script>\n<!-- \/ Yoast SEO plugin. -->","yoast_head_json":{"title":"Privacy Policy - Ko\u00efos Intelligence","robots":{"index":"index","follow":"follow","max-snippet":"max-snippet:-1","max-image-preview":"max-image-preview:large","max-video-preview":"max-video-preview:-1"},"canonical":"https:\/\/koiosintelligence.ca\/fr\/privacy-policy\/","og_locale":"fr_CA","og_type":"article","og_title":"Privacy Policy - Ko\u00efos Intelligence","og_url":"https:\/\/koiosintelligence.ca\/fr\/privacy-policy\/","og_site_name":"Ko\u00efos Intelligence","article_modified_time":"2025-08-21T17:44:42+00:00","twitter_card":"summary_large_image","twitter_misc":{"Estimation du temps de lecture":"3 minutes"},"schema":{"@context":"https:\/\/schema.org","@graph":[{"@type":"WebPage","@id":"https:\/\/koiosintelligence.ca\/privacy-policy\/","url":"https:\/\/koiosintelligence.ca\/privacy-policy\/","name":"Privacy Policy - Ko\u00efos Intelligence","isPartOf":{"@id":"https:\/\/koiosintelligence.ca\/#website"},"datePublished":"2023-12-20T14:41:32+00:00","dateModified":"2025-08-21T17:44:42+00:00","breadcrumb":{"@id":"https:\/\/koiosintelligence.ca\/privacy-policy\/#breadcrumb"},"inLanguage":"fr-CA","potentialAction":[{"@type":"ReadAction","target":["https:\/\/koiosintelligence.ca\/privacy-policy\/"]}]},{"@type":"BreadcrumbList","@id":"https:\/\/koiosintelligence.ca\/privacy-policy\/#breadcrumb","itemListElement":[{"@type":"ListItem","position":1,"name":"Home","item":"https:\/\/koiosintelligence.ca\/"},{"@type":"ListItem","position":2,"name":"Privacy Policy"}]},{"@type":"WebSite","@id":"https:\/\/koiosintelligence.ca\/#website","url":"https:\/\/koiosintelligence.ca\/","name":"Ko\u00efos Intelligence","description":"Delivering the next generation of intelligent systems for finance and insurance","potentialAction":[{"@type":"SearchAction","target":{"@type":"EntryPoint","urlTemplate":"https:\/\/koiosintelligence.ca\/?s={search_term_string}"},"query-input":{"@type":"PropertyValueSpecification","valueRequired":true,"valueName":"search_term_string"}}],"inLanguage":"fr-CA"}]}},"_links":{"self":[{"href":"https:\/\/koiosintelligence.ca\/fr\/wp-json\/wp\/v2\/pages\/1738","targetHints":{"allow":["GET"]}}],"collection":[{"href":"https:\/\/koiosintelligence.ca\/fr\/wp-json\/wp\/v2\/pages"}],"about":[{"href":"https:\/\/koiosintelligence.ca\/fr\/wp-json\/wp\/v2\/types\/page"}],"author":[{"embeddable":true,"href":"https:\/\/koiosintelligence.ca\/fr\/wp-json\/wp\/v2\/users\/2"}],"replies":[{"embeddable":true,"href":"https:\/\/koiosintelligence.ca\/fr\/wp-json\/wp\/v2\/comments?post=1738"}],"version-history":[{"count":5,"href":"https:\/\/koiosintelligence.ca\/fr\/wp-json\/wp\/v2\/pages\/1738\/revisions"}],"predecessor-version":[{"id":4119,"href":"https:\/\/koiosintelligence.ca\/fr\/wp-json\/wp\/v2\/pages\/1738\/revisions\/4119"}],"wp:attachment":[{"href":"https:\/\/koiosintelligence.ca\/fr\/wp-json\/wp\/v2\/media?parent=1738"}],"curies":[{"name":"wp","href":"https:\/\/api.w.org\/{rel}","templated":true}]}}