{"id":663,"date":"2020-06-01T04:03:07","date_gmt":"2020-06-01T04:03:07","guid":{"rendered":"https:\/\/prod.koiosintelligence.ca\/?page_id=663"},"modified":"2020-06-17T00:16:59","modified_gmt":"2020-06-17T00:16:59","slug":"embedded-software-developer","status":"publish","type":"page","link":"https:\/\/koiosintelligence.ca\/fr\/careers\/embedded-software-developer\/","title":{"rendered":"Embedded Software Developer"},"content":{"rendered":"<p><div class=\"fusion-fullwidth fullwidth-box fusion-builder-row-1 nonhundred-percent-fullwidth non-hundred-percent-height-scrolling fusion-equal-height-columns\" style=\"--awb-border-radius-top-left:0px;--awb-border-radius-top-right:0px;--awb-border-radius-bottom-right:0px;--awb-border-radius-bottom-left:0px;--awb-padding-top:0px;--awb-padding-right:0px;--awb-padding-bottom:0px;--awb-padding-left:0px;--awb-margin-top:24px;--awb-flex-wrap:wrap;\" ><div class=\"fusion-builder-row fusion-row\"><div class=\"fusion-layout-column fusion_builder_column fusion-builder-column-0 fusion_builder_column_1_1 1_1 fusion-one-full fusion-column-first fusion-column-last fusion-animated\" style=\"--awb-padding-top:50px;--awb-padding-right:50px;--awb-padding-bottom:80px;--awb-padding-left:150px;--awb-bg-color:#efefef;--awb-bg-color-hover:#efefef;--awb-bg-size:cover;--awb-margin-bottom:0px;\" data-animationtype=\"fadeInUp\" data-animationduration=\"1.0\" data-animationoffset=\"top-into-view\"><div class=\"fusion-column-wrapper fusion-column-has-shadow fusion-flex-column-wrapper-legacy\"><div class=\"fusion-text fusion-text-1\"><h1 class=\"fusion-responsive-typography-calculated\" style=\"--fontsize: 44; line-height: 1.16;\" data-fontsize=\"44\" data-lineheight=\"51.04px\">Embedded Software Developer<\/h1>\n<h3 class=\"vc_custom_heading vc_custom_1588610979664 fusion-responsive-typography-calculated\" style=\"--fontsize: 18; line-height: 1.94; --minfontsize: 18;\" data-fontsize=\"18\" data-lineheight=\"35px\">Summary<\/h3>\n<p dir=\"ltr\">Ko\u00efos Intelligence purpose is to improve humanity's well-being by building virtual assistants to deliver great interactions in the Insurance industry with the purpose to eliminate the waiting time, reduce the operational costs, and offer an unprecedented customer experience. We are looking for a Senior Embedded Software Developers, to join a talented multi-functional engineering and research team and focus on building the next generation of dialogue systems.<\/p>\n<\/div><div class=\"fusion-clearfix\"><\/div><\/div><\/div><\/div><\/div><div class=\"fusion-fullwidth fullwidth-box fusion-builder-row-2 mobile nonhundred-percent-fullwidth non-hundred-percent-height-scrolling fusion-equal-height-columns\" style=\"--awb-border-radius-top-left:0px;--awb-border-radius-top-right:0px;--awb-border-radius-bottom-right:0px;--awb-border-radius-bottom-left:0px;--awb-padding-top:60px;--awb-padding-right:150px;--awb-padding-bottom:60px;--awb-padding-left:150px;--awb-margin-bottom:0px;--awb-background-color:#ffffff;--awb-flex-wrap:wrap;\" ><div class=\"fusion-builder-row fusion-row\"><div class=\"fusion-layout-column fusion_builder_column fusion-builder-column-1 fusion_builder_column_1_1 1_1 fusion-one-full fusion-column-first fusion-column-last fusion-column-no-min-height fusion-column-inner-bg-wrapper fusion-animated\" style=\"--awb-overflow:hidden;--awb-inner-bg-position:center center;--awb-inner-bg-size:cover;--awb-border-radius:6px 6px 6px 6px;--awb-inner-bg-border-radius:6px 6px 6px 6px;--awb-inner-bg-overflow:hidden;\" data-animationtype=\"fadeIn\" data-animationduration=\"1.0\" data-animationoffset=\"top-into-view\"><span class=\"fusion-column-inner-bg hover-type-none\"><a class=\"fusion-column-anchor\" href=\"#\"><span class=\"fusion-column-inner-bg-image\"><\/span><\/a><\/span><div class=\"fusion-column-wrapper fusion-column-has-shadow fusion-flex-column-wrapper-legacy\"><div class=\"fusion-text fusion-text-2\"><p data-fontsize=\"18\" data-lineheight=\"26px\">The candidates will be responsible for developing efficient embedded applications, optimizing existing applications, and producing clean and reusable libraries. The Embedded Software Developer must have a strong knowledge of Real-Time Operating systems along with advanced problem-solving skills. The ideal candidate will have experience working in an Agile environment, experience in microservices architectures, CI\/CD, and cloud providers. Experience with machine learning frameworks as Keras, Tensorflow, and Pytorch is a plus.<\/p>\n<h4 class=\"fusion-responsive-typography-calculated\" style=\"--fontsize: 18; line-height: 1.44; --minfontsize: 18;\" data-fontsize=\"18\" data-lineheight=\"26px\"><span class=\"job-title\">Responsabilit\u00e9s<\/span><\/h4>\n<p><strong>Must-have<\/strong><\/p>\n<ul>\n<li>8 ++ years of strong experience programming in C++, Java<\/li>\n<li>Good experience with Python or another language than Java<\/li>\n<li>BSc or MSc (Computer science, Engineering, Mathematics, and any related field)<\/li>\n<li>Knowledge of Ethernet, IP, UDP, TCP and HTTP frames\u00a0<\/li>\n<li>Ability to build and optimize models using machine learning techniques including features selection & engineering<\/li>\n<li>Clean code and design skills (Design Patterns), familiar with web services and security needs<\/li>\n<li>Experience with Spring (boot, cloud, security)<\/li>\n<li>RESTful service design and development<\/li>\n<li>Microservice design & understanding<\/li>\n<li>Integration with LDAP, Integration with Identity and Access Management Platform like ISAM<\/li>\n<li>Experience with React, Angular, or similar front end framework<\/li>\n<li>Familiar with Linux (Ubuntu for example), Docker, Git<\/li>\n<li>Experience with Cloud providers<\/li>\n<li>Experience with production support & monitoring<\/li>\n<li>As a technical lead candidate, you will be working with various team members such as data engineers, data scientists, statisticians, actuaries and with application developers\u202f, you will make design decision, participate in group conversion and propose own ideas<\/li>\n<li>Present analysis and recommendations to a target audience <\/li>\n<li>Knowledge of modeling\/research\/analytics. Relevant statistical analysis work experience required. \u2013 Ability to create advanced programs from scratch. Leading the Business: Innovation. Results Orientation, Problem Solving & Decision Making. Risk-Taking. Business Perspective.<\/li>\n<li>Seeks Opportunities to Learn. Business Acumen: Understanding and knowledge of key business knowledge areas (e.g. product, enterprise, industry, claim process, and competitors). \u2013 Ability to leverage business knowledge to determine approaches to execution. Critical Thinking: Ability to take action in solving problems while exhibiting judgment and a realistic<\/li>\n<\/ul>\n<p>\u00a0<\/p>\n<p><strong>Souhaitable<\/strong><\/p>\n<ul>\n<li>Experience in Resource Scheduling in Cloud Computing<\/li>\n<li>Understands business needs and applies AI\/Machine Learning technology to solve real-world problems Minimum Qualifications<\/li>\n<\/ul>\n<\/div><div class=\"fusion-clearfix\"><\/div><\/div><\/div><div class=\"fusion-layout-column fusion_builder_column fusion-builder-column-2 fusion_builder_column_1_1 1_1 fusion-one-full fusion-column-first fusion-column-last fusion-column-no-min-height fusion-animated\" style=\"--awb-padding-top:10px;--awb-padding-right:80px;--awb-padding-bottom:40px;--awb-padding-left:80px;--awb-overflow:hidden;--awb-bg-color:#efefef;--awb-bg-color-hover:#efefef;--awb-bg-position:center center;--awb-bg-size:cover;--awb-border-radius:6px 6px 6px 6px;--awb-margin-top:40px;\" data-animationtype=\"fadeIn\" data-animationduration=\"1.0\" data-animationoffset=\"top-into-view\"><div class=\"fusion-column-wrapper fusion-column-has-shadow fusion-flex-column-wrapper-legacy\"><div class=\"fusion-text fusion-text-3\"><h4><span class=\"job-title\">Apply online<\/span><\/h4>\n<p>We'd love to hear from you!<\/p>\n<\/div>\n<div class=\"wpcf7 no-js\" id=\"wpcf7-f574-o1\" lang=\"en-US\" dir=\"ltr\" data-wpcf7-id=\"574\">\n<div class=\"screen-reader-response\"><p role=\"status\" aria-live=\"polite\" aria-atomic=\"true\"><\/p> <ul><\/ul><\/div>\n<form action=\"\/fr\/wp-json\/wp\/v2\/pages\/663#wpcf7-f574-o1\" method=\"post\" class=\"wpcf7-form init\" aria-label=\"Contact form\" enctype=\"multipart\/form-data\" novalidate=\"novalidate\" data-status=\"init\" data-trp-original-action=\"\/fr\/wp-json\/wp\/v2\/pages\/663#wpcf7-f574-o1\">\n<fieldset class=\"hidden-fields-container\"><input type=\"hidden\" name=\"_wpcf7\" value=\"574\" \/><input type=\"hidden\" name=\"_wpcf7_version\" value=\"6.1.4\" \/><input type=\"hidden\" name=\"_wpcf7_locale\" value=\"en_US\" \/><input type=\"hidden\" name=\"_wpcf7_unit_tag\" value=\"wpcf7-f574-o1\" \/><input type=\"hidden\" name=\"_wpcf7_container_post\" value=\"0\" \/><input type=\"hidden\" name=\"_wpcf7_posted_data_hash\" value=\"\" \/>\n<\/fieldset>\n<p><label> First name<br \/>\n<span class=\"wpcf7-form-control-wrap\" data-name=\"first-name\"><input size=\"40\" maxlength=\"400\" class=\"wpcf7-form-control wpcf7-text wpcf7-validates-as-required\" aria-required=\"true\" aria-invalid=\"false\" value=\"\" type=\"text\" name=\"first-name\" \/><\/span> <\/label>\n<\/p>\n<p><label> Last name<br \/>\n<span class=\"wpcf7-form-control-wrap\" data-name=\"last-name\"><input size=\"40\" maxlength=\"400\" class=\"wpcf7-form-control wpcf7-text wpcf7-validates-as-required\" aria-required=\"true\" aria-invalid=\"false\" value=\"\" type=\"text\" name=\"last-name\" \/><\/span> <\/label>\n<\/p>\n<p><label> Email<br \/>\n<span class=\"wpcf7-form-control-wrap\" data-name=\"your-email\"><input size=\"40\" maxlength=\"400\" class=\"wpcf7-form-control wpcf7-email wpcf7-validates-as-required wpcf7-text wpcf7-validates-as-email\" aria-required=\"true\" aria-invalid=\"false\" value=\"\" type=\"email\" name=\"your-email\" \/><\/span> <\/label>\n<\/p>\n<p><label> Num\u00e9ro de t\u00e9l\u00e9phone<br \/>\n<span class=\"wpcf7-form-control-wrap\" data-name=\"phone-number\"><input size=\"40\" maxlength=\"400\" class=\"wpcf7-form-control wpcf7-text\" aria-invalid=\"false\" value=\"\" type=\"text\" name=\"phone-number\" \/><\/span> <\/label>\n<\/p>\n<p><label> Resume<br \/>\n<span class=\"wpcf7-form-control-wrap\" data-name=\"your-resume\"><input size=\"40\" class=\"wpcf7-form-control wpcf7-file wpcf7-validates-as-required\" accept=\"audio\/*,video\/*,image\/*\" aria-required=\"true\" aria-invalid=\"false\" type=\"file\" name=\"your-resume\" \/><\/span> <\/label>\n<\/p>\n<p><input class=\"wpcf7-form-control wpcf7-submit has-spinner\" type=\"submit\" value=\"Envoyez\" \/>\n<\/p><div class=\"fusion-alert alert custom alert-custom fusion-alert-center wpcf7-response-output awb-alert-native-link-color alert-dismissable awb-alert-close-boxed\" style=\"--awb-border-size:1px;--awb-border-top-left-radius:0px;--awb-border-top-right-radius:0px;--awb-border-bottom-left-radius:0px;--awb-border-bottom-right-radius:0px;\" role=\"alert\"><div class=\"fusion-alert-content-wrapper\"><span class=\"fusion-alert-content\"><\/span><\/div><button type=\"button\" class=\"close toggle-alert\" data-dismiss=\"alert\" aria-label=\"Close\">&times;<\/button><\/div>\n<input type=\"hidden\" name=\"trp-form-language\" value=\"fr\"\/><\/form>\n<\/div>\n<div class=\"fusion-clearfix\"><\/div><\/div><\/div><\/div><\/div><\/p>","protected":false},"excerpt":{"rendered":"","protected":false},"author":1,"featured_media":0,"parent":549,"menu_order":0,"comment_status":"closed","ping_status":"open","template":"","meta":{"_acf_changed":false,"footnotes":""},"class_list":["post-663","page","type-page","status-publish","hentry"],"acf":[],"yoast_head":"<!-- This site is optimized with the Yoast SEO plugin v26.6 - https:\/\/yoast.com\/wordpress\/plugins\/seo\/ -->\n<title>Embedded Software Developer - Ko\u00efos Intelligence<\/title>\n<meta name=\"robots\" content=\"index, follow, max-snippet:-1, max-image-preview:large, max-video-preview:-1\" \/>\n<link rel=\"canonical\" href=\"https:\/\/koiosintelligence.ca\/fr\/careers\/embedded-software-developer\/\" \/>\n<meta property=\"og:locale\" content=\"fr_CA\" \/>\n<meta property=\"og:type\" content=\"article\" \/>\n<meta property=\"og:title\" content=\"Embedded Software Developer - Ko\u00efos Intelligence\" \/>\n<meta property=\"og:url\" content=\"https:\/\/koiosintelligence.ca\/fr\/careers\/embedded-software-developer\/\" \/>\n<meta property=\"og:site_name\" content=\"Ko\u00efos Intelligence\" \/>\n<meta property=\"article:modified_time\" content=\"2020-06-17T00:16:59+00:00\" \/>\n<meta name=\"twitter:card\" content=\"summary_large_image\" \/>\n<meta name=\"twitter:label1\" content=\"Estimation du temps de lecture\" \/>\n\t<meta name=\"twitter:data1\" content=\"7 minutes\" \/>\n<script type=\"application\/ld+json\" class=\"yoast-schema-graph\">{\"@context\":\"https:\/\/schema.org\",\"@graph\":[{\"@type\":\"WebPage\",\"@id\":\"https:\/\/koiosintelligence.ca\/careers\/embedded-software-developer\/\",\"url\":\"https:\/\/koiosintelligence.ca\/careers\/embedded-software-developer\/\",\"name\":\"Embedded Software Developer - Ko\u00efos Intelligence\",\"isPartOf\":{\"@id\":\"https:\/\/koiosintelligence.ca\/#website\"},\"datePublished\":\"2020-06-01T04:03:07+00:00\",\"dateModified\":\"2020-06-17T00:16:59+00:00\",\"breadcrumb\":{\"@id\":\"https:\/\/koiosintelligence.ca\/careers\/embedded-software-developer\/#breadcrumb\"},\"inLanguage\":\"fr-CA\",\"potentialAction\":[{\"@type\":\"ReadAction\",\"target\":[\"https:\/\/koiosintelligence.ca\/careers\/embedded-software-developer\/\"]}]},{\"@type\":\"BreadcrumbList\",\"@id\":\"https:\/\/koiosintelligence.ca\/careers\/embedded-software-developer\/#breadcrumb\",\"itemListElement\":[{\"@type\":\"ListItem\",\"position\":1,\"name\":\"Home\",\"item\":\"https:\/\/koiosintelligence.ca\/\"},{\"@type\":\"ListItem\",\"position\":2,\"name\":\"Careers\",\"item\":\"https:\/\/koiosintelligence.ca\/careers\/\"},{\"@type\":\"ListItem\",\"position\":3,\"name\":\"Embedded Software Developer\"}]},{\"@type\":\"WebSite\",\"@id\":\"https:\/\/koiosintelligence.ca\/#website\",\"url\":\"https:\/\/koiosintelligence.ca\/\",\"name\":\"Ko\u00efos Intelligence\",\"description\":\"Delivering the next generation of intelligent systems for finance and insurance\",\"potentialAction\":[{\"@type\":\"SearchAction\",\"target\":{\"@type\":\"EntryPoint\",\"urlTemplate\":\"https:\/\/koiosintelligence.ca\/?s={search_term_string}\"},\"query-input\":{\"@type\":\"PropertyValueSpecification\",\"valueRequired\":true,\"valueName\":\"search_term_string\"}}],\"inLanguage\":\"fr-CA\"}]}<\/script>\n<!-- \/ Yoast SEO plugin. -->","yoast_head_json":{"title":"Embedded Software Developer - Ko\u00efos Intelligence","robots":{"index":"index","follow":"follow","max-snippet":"max-snippet:-1","max-image-preview":"max-image-preview:large","max-video-preview":"max-video-preview:-1"},"canonical":"https:\/\/koiosintelligence.ca\/fr\/careers\/embedded-software-developer\/","og_locale":"fr_CA","og_type":"article","og_title":"Embedded Software Developer - Ko\u00efos Intelligence","og_url":"https:\/\/koiosintelligence.ca\/fr\/careers\/embedded-software-developer\/","og_site_name":"Ko\u00efos Intelligence","article_modified_time":"2020-06-17T00:16:59+00:00","twitter_card":"summary_large_image","twitter_misc":{"Estimation du temps de lecture":"7 minutes"},"schema":{"@context":"https:\/\/schema.org","@graph":[{"@type":"WebPage","@id":"https:\/\/koiosintelligence.ca\/careers\/embedded-software-developer\/","url":"https:\/\/koiosintelligence.ca\/careers\/embedded-software-developer\/","name":"Embedded Software Developer - Ko\u00efos Intelligence","isPartOf":{"@id":"https:\/\/koiosintelligence.ca\/#website"},"datePublished":"2020-06-01T04:03:07+00:00","dateModified":"2020-06-17T00:16:59+00:00","breadcrumb":{"@id":"https:\/\/koiosintelligence.ca\/careers\/embedded-software-developer\/#breadcrumb"},"inLanguage":"fr-CA","potentialAction":[{"@type":"ReadAction","target":["https:\/\/koiosintelligence.ca\/careers\/embedded-software-developer\/"]}]},{"@type":"BreadcrumbList","@id":"https:\/\/koiosintelligence.ca\/careers\/embedded-software-developer\/#breadcrumb","itemListElement":[{"@type":"ListItem","position":1,"name":"Home","item":"https:\/\/koiosintelligence.ca\/"},{"@type":"ListItem","position":2,"name":"Careers","item":"https:\/\/koiosintelligence.ca\/careers\/"},{"@type":"ListItem","position":3,"name":"Embedded Software Developer"}]},{"@type":"WebSite","@id":"https:\/\/koiosintelligence.ca\/#website","url":"https:\/\/koiosintelligence.ca\/","name":"Ko\u00efos Intelligence","description":"Delivering the next generation of intelligent systems for finance and insurance","potentialAction":[{"@type":"SearchAction","target":{"@type":"EntryPoint","urlTemplate":"https:\/\/koiosintelligence.ca\/?s={search_term_string}"},"query-input":{"@type":"PropertyValueSpecification","valueRequired":true,"valueName":"search_term_string"}}],"inLanguage":"fr-CA"}]}},"_links":{"self":[{"href":"https:\/\/koiosintelligence.ca\/fr\/wp-json\/wp\/v2\/pages\/663","targetHints":{"allow":["GET"]}}],"collection":[{"href":"https:\/\/koiosintelligence.ca\/fr\/wp-json\/wp\/v2\/pages"}],"about":[{"href":"https:\/\/koiosintelligence.ca\/fr\/wp-json\/wp\/v2\/types\/page"}],"author":[{"embeddable":true,"href":"https:\/\/koiosintelligence.ca\/fr\/wp-json\/wp\/v2\/users\/1"}],"replies":[{"embeddable":true,"href":"https:\/\/koiosintelligence.ca\/fr\/wp-json\/wp\/v2\/comments?post=663"}],"version-history":[{"count":5,"href":"https:\/\/koiosintelligence.ca\/fr\/wp-json\/wp\/v2\/pages\/663\/revisions"}],"predecessor-version":[{"id":913,"href":"https:\/\/koiosintelligence.ca\/fr\/wp-json\/wp\/v2\/pages\/663\/revisions\/913"}],"up":[{"embeddable":true,"href":"https:\/\/koiosintelligence.ca\/fr\/wp-json\/wp\/v2\/pages\/549"}],"wp:attachment":[{"href":"https:\/\/koiosintelligence.ca\/fr\/wp-json\/wp\/v2\/media?parent=663"}],"curies":[{"name":"wp","href":"https:\/\/api.w.org\/{rel}","templated":true}]}}