{"id":942,"date":"2021-12-07T18:50:28","date_gmt":"2021-12-07T18:50:28","guid":{"rendered":"https:\/\/prod.koiosintelligence.ca\/?page_id=942"},"modified":"2026-03-20T17:46:36","modified_gmt":"2026-03-20T17:46:36","slug":"senior-frontend-developer","status":"publish","type":"page","link":"https:\/\/koiosintelligence.ca\/fr\/careers\/senior-frontend-developer\/","title":{"rendered":"D\u00e9veloppeur Senior Front-End"},"content":{"rendered":"<p><div class=\"fusion-fullwidth fullwidth-box fusion-builder-row-1 nonhundred-percent-fullwidth non-hundred-percent-height-scrolling fusion-equal-height-columns\" style=\"--awb-border-radius-top-left:0px;--awb-border-radius-top-right:0px;--awb-border-radius-bottom-right:0px;--awb-border-radius-bottom-left:0px;--awb-padding-top:0px;--awb-padding-right:0px;--awb-padding-bottom:0px;--awb-padding-left:0px;--awb-margin-top:0px;--awb-flex-wrap:wrap;\" ><div class=\"fusion-builder-row fusion-row\"><div class=\"fusion-layout-column fusion_builder_column fusion-builder-column-0 fusion_builder_column_1_1 1_1 fusion-one-full fusion-column-first fusion-column-last fusion-animated\" style=\"--awb-padding-top:50px;--awb-padding-right:40px;--awb-padding-bottom:80px;--awb-padding-left:40px;--awb-bg-color:#efefef;--awb-bg-color-hover:#efefef;--awb-bg-size:cover;--awb-margin-bottom:0px;\" data-animationtype=\"fadeInUp\" data-animationduration=\"1.0\" data-animationoffset=\"top-into-view\"><div class=\"fusion-column-wrapper fusion-column-has-shadow fusion-flex-column-wrapper-legacy\"><div class=\"fusion-text fusion-text-1\"><h1 class=\"fusion-responsive-typography-calculated\" style=\"--fontsize: 44; line-height: 1.16;\" data-fontsize=\"44\" data-lineheight=\"51.04px\">D\u00e9veloppeur Senior Front-End<\/h1>\n<h3 class=\"vc_custom_heading vc_custom_1588610979664 fusion-responsive-typography-calculated\" style=\"--fontsize: 18; line-height: 1.94; --minfontsize: 18;\" data-fontsize=\"18\" data-lineheight=\"35px\">Notre mission<\/h3>\n<div>\n<p><span style=\"font-weight: 400;\">Koios Intelligence a pour objectif de r\u00e9volutionner le secteur de l'assurance gr\u00e2ce \u00e0 l'intelligence artificielle (IA) et au traitement du langage naturel (NLP). Nous fournissons des solutions avanc\u00e9es d'assistants virtuels \u00e0 commande vocale pour am\u00e9liorer l'exp\u00e9rience des clients et des agents d'assurance, rationaliser les op\u00e9rations et stimuler l'innovation. En utilisant des mod\u00e8les NLP de pointe et l'IA g\u00e9n\u00e9rative, nous simplifions les processus d'assurance complexes, nous am\u00e9liorons la prise de d\u00e9cision et nous permettons des interactions personnalis\u00e9es pour les assur\u00e9s et les assureurs.<\/span><\/p>\n<\/div>\n<\/div><div class=\"fusion-clearfix\"><\/div><\/div><\/div><\/div><\/div><div class=\"fusion-fullwidth fullwidth-box fusion-builder-row-2 mobile nonhundred-percent-fullwidth non-hundred-percent-height-scrolling fusion-equal-height-columns\" style=\"--awb-border-radius-top-left:0px;--awb-border-radius-top-right:0px;--awb-border-radius-bottom-right:0px;--awb-border-radius-bottom-left:0px;--awb-padding-top:60px;--awb-padding-right:150px;--awb-padding-bottom:60px;--awb-padding-left:150px;--awb-margin-bottom:0px;--awb-background-color:#ffffff;--awb-flex-wrap:wrap;\" ><div class=\"fusion-builder-row fusion-row\"><div class=\"fusion-layout-column fusion_builder_column fusion-builder-column-1 fusion_builder_column_1_1 1_1 fusion-one-full fusion-column-first fusion-column-last fusion-column-no-min-height fusion-column-inner-bg-wrapper fusion-animated\" style=\"--awb-overflow:hidden;--awb-inner-bg-position:center center;--awb-inner-bg-size:cover;--awb-border-radius:6px 6px 6px 6px;--awb-inner-bg-border-radius:6px 6px 6px 6px;--awb-inner-bg-overflow:hidden;\" data-animationtype=\"fadeIn\" data-animationduration=\"1.0\" data-animationoffset=\"top-into-view\"><span class=\"fusion-column-inner-bg hover-type-none\"><a class=\"fusion-column-anchor\" href=\"#\"><span class=\"fusion-column-inner-bg-image\"><\/span><\/a><\/span><div class=\"fusion-column-wrapper fusion-column-has-shadow fusion-flex-column-wrapper-legacy\"><div class=\"fusion-text fusion-text-2\"><h3><span style=\"font-weight: 400;\">R\u00e9sum\u00e9 du poste<\/span><\/h3>\n<p><span style=\"font-weight: 400;\">Nous recherchons un d\u00e9veloppeur senior Front-End exp\u00e9riment\u00e9 et hautement qualifi\u00e9 pour rejoindre notre \u00e9quipe de d\u00e9veloppement. En tant que d\u00e9veloppeur senior Front-End, vous serez responsable de la conception et de la mise en \u0153uvre des interfaces utilisateurs pour les applications web. Vous travaillerez en \u00e9troite collaboration avec nos \u00e9quipes de conception et de d\u00e9veloppement pour cr\u00e9er des solutions web efficaces, \u00e9volutives et visuellement attrayantes.\u00a0<\/span><\/p>\n<h3>\u00a0<\/h3>\n<h3><span style=\"font-weight: 400;\">Responsabilit\u00e9s<\/span><\/h3>\n<ul>\n<li style=\"font-weight: 400;\" aria-level=\"1\"><span style=\"font-weight: 400;\">Collaborer avec les concepteurs et les d\u00e9veloppeurs back-end pour cr\u00e9er des interfaces web conviviales qui r\u00e9pondent aux exigences des clients et aux directives de conception.<\/span><\/li>\n<li style=\"font-weight: 400;\" aria-level=\"1\"><span style=\"font-weight: 400;\">D\u00e9velopper des applications web r\u00e9actives de haute qualit\u00e9 \u00e0 l'aide de HTML, CSS et de frameworks JavaScript tels que React, Angular ou Vue.js.<\/span><\/li>\n<li style=\"font-weight: 400;\" aria-level=\"1\"><span style=\"font-weight: 400;\">R\u00e9diger un code propre, maintenable et efficace tout en respectant les meilleures pratiques et les normes de codage.<\/span><\/li>\n<li style=\"font-weight: 400;\" aria-level=\"1\"><span style=\"font-weight: 400;\">Optimiser les applications web pour une vitesse et une \u00e9volutivit\u00e9 maximales.<\/span><\/li>\n<li style=\"font-weight: 400;\" aria-level=\"1\"><span style=\"font-weight: 400;\">Effectuer des tests et des d\u00e9bogages approfondis afin d'assurer une fonctionnalit\u00e9 fluide sur diff\u00e9rents navigateurs et appareils.<\/span><\/li>\n<li style=\"font-weight: 400;\" aria-level=\"1\"><span style=\"font-weight: 400;\">Collaborer avec des \u00e9quipes interfonctionnelles pour identifier et r\u00e9soudre les probl\u00e8mes li\u00e9s aux applications frontales et mettre en \u0153uvre des solutions efficaces.<\/span><\/li>\n<li style=\"font-weight: 400;\" aria-level=\"1\"><span style=\"font-weight: 400;\">Se tenir au courant des tendances et des technologies \u00e9mergentes dans le domaine du d\u00e9veloppement frontal et partager ses connaissances avec l'\u00e9quipe.<\/span><\/li>\n<li style=\"font-weight: 400;\" aria-level=\"1\"><span style=\"font-weight: 400;\">Fournir des conseils et du mentorat aux d\u00e9veloppeurs juniors, en effectuant des r\u00e9visions de code et en offrant un retour d'information constructif.<\/span><\/li>\n<li style=\"font-weight: 400;\" aria-level=\"1\"><span style=\"font-weight: 400;\">Participer \u00e0 l'ensemble du cycle de d\u00e9veloppement des logiciels, y compris la collecte des besoins, la planification et l'estimation.<\/span><\/li>\n<\/ul>\n<h3><span style=\"font-weight: 400;\">Exigences<\/span><\/h3>\n<ul>\n<li style=\"font-weight: 400;\" aria-level=\"1\"><span style=\"font-weight: 400;\">Bachelor's degree in Computer Science, Software Engineering, or a related field (or equivalent experience).<\/span><\/li>\n<li style=\"font-weight: 400;\" aria-level=\"1\"><span style=\"font-weight: 400;\">Exp\u00e9rience confirm\u00e9e en tant que d\u00e9veloppeur Front-End, avec au moins 7 ans d'exp\u00e9rience dans le d\u00e9veloppement Front-End.<\/span><\/li>\n<li style=\"font-weight: 400;\" aria-level=\"1\"><span style=\"font-weight: 400;\">Solides comp\u00e9tences en HTML, CSS et JavaScript.<\/span><\/li>\n<li style=\"font-weight: 400;\" aria-level=\"1\"><span style=\"font-weight: 400;\">Exp\u00e9rience approfondie des frameworks\/librairies JavaScript modernes tels que React, Angular ou Vue.js.<\/span><\/li>\n<li style=\"font-weight: 400;\" aria-level=\"1\"><span style=\"font-weight: 400;\">Ma\u00eetrise des syst\u00e8mes de contr\u00f4le de version (par exemple, Git) et des outils de construction frontale (par exemple, Webpack, Gulp).<\/span><\/li>\n<li style=\"font-weight: 400;\" aria-level=\"1\"><span style=\"font-weight: 400;\">Solide compr\u00e9hension des principes du responsive design et de la compatibilit\u00e9 inter-navigateurs.<\/span><\/li>\n<li style=\"font-weight: 400;\" aria-level=\"1\"><span style=\"font-weight: 400;\">Exp\u00e9rience des techniques d'optimisation des performances web.<\/span><\/li>\n<li style=\"font-weight: 400;\" aria-level=\"1\"><span style=\"font-weight: 400;\">Une bonne connaissance des pr\u00e9processeurs CSS c\u00f4t\u00e9 serveur (par exemple, Sass, LESS) est un plus.<\/span><\/li>\n<li style=\"font-weight: 400;\" aria-level=\"1\"><span style=\"font-weight: 400;\">Excellentes comp\u00e9tences en mati\u00e8re de r\u00e9solution de probl\u00e8mes et de d\u00e9bogage.<\/span><\/li>\n<li style=\"font-weight: 400;\" aria-level=\"1\"><span style=\"font-weight: 400;\">Solides capacit\u00e9s de communication et de collaboration.<\/span><\/li>\n<li style=\"font-weight: 400;\" aria-level=\"1\"><span style=\"font-weight: 400;\">Capacit\u00e9 \u00e0 travailler de mani\u00e8re ind\u00e9pendante et \u00e0 g\u00e9rer plusieurs projets simultan\u00e9ment.<\/span><\/li>\n<li style=\"font-weight: 400;\" aria-level=\"1\"><span style=\"font-weight: 400;\">Un portfolio ou des exemples de travaux ant\u00e9rieurs d\u00e9montrant des comp\u00e9tences en d\u00e9veloppement front-end sont fortement souhait\u00e9s.<\/span><\/li>\n<\/ul>\n<h3><span style=\"font-weight: 400;\">Ce que nous vous offrons en \u00e9change de votre pr\u00e9cieux travail<\/span><\/h3>\n<ul>\n<li style=\"font-weight: 400;\" aria-level=\"1\"><span style=\"font-weight: 400;\">You'll join a collaborative, fun team where everyone, including you, is active in the product definition and development process. Our founders are lifelong entrepreneurs who have built and scaled large companies. By working with founders and sitting on our leadership team, you will have the front-row seat to see how a company grows and scales.<\/span><\/li>\n<li style=\"font-weight: 400;\" aria-level=\"1\"><span style=\"font-weight: 400;\">Nous fournissons une assurance collective de qualit\u00e9 \u00e0 tous les employ\u00e9s et \u00e0 leurs familles, y compris pour les soins dentaires.<\/span><\/li>\n<li style=\"font-weight: 400;\" aria-level=\"1\"><span style=\"font-weight: 400;\">Nous fournissons une assurance collective de qualit\u00e9 \u00e0 tous les employ\u00e9s et \u00e0 leurs familles, y compris pour les soins dentaires.<\/span><\/li>\n<li style=\"font-weight: 400;\" aria-level=\"1\"><span style=\"font-weight: 400;\">Nous remboursons 50 % des frais de transport public, jusqu'\u00e0 50 dollars par mois.<\/span><\/li>\n<li style=\"font-weight: 400;\" aria-level=\"1\"><span style=\"font-weight: 400;\">While Koios promotes both teamwork on-site to ensure commitment, efficiency and employees' professional development, we also offer the flexibility needed for a healthy professional\/personal life balance.<\/span><\/li>\n<li style=\"font-weight: 400;\" aria-level=\"1\"><span style=\"font-weight: 400;\">Nous offrons des options d'achat d'actions apr\u00e8s une p\u00e9riode d'approbation.<\/span><\/li>\n<\/ul>\n<\/div><div class=\"fusion-clearfix\"><\/div><\/div><\/div><div class=\"fusion-layout-column fusion_builder_column fusion-builder-column-2 fusion_builder_column_1_1 1_1 fusion-one-full fusion-column-first fusion-column-last fusion-column-no-min-height fusion-animated\" style=\"--awb-padding-top:10px;--awb-padding-right:80px;--awb-padding-bottom:40px;--awb-overflow:hidden;--awb-bg-color:#ffffff;--awb-bg-color-hover:#ffffff;--awb-bg-position:center center;--awb-bg-size:cover;--awb-border-radius:6px 6px 6px 6px;--awb-margin-top:40px;\" data-animationtype=\"fadeIn\" data-animationduration=\"1.0\" data-animationoffset=\"top-into-view\"><div class=\"fusion-column-wrapper fusion-column-has-shadow fusion-flex-column-wrapper-legacy\"><div class=\"fusion-button-wrapper\"><a class=\"fusion-button button-flat fusion-button-default-size button-default fusion-button-default button-1 fusion-button-default-span fusion-button-default-type\" style=\"--button-border-radius-top-left:10px;--button-border-radius-top-right:10px;--button-border-radius-bottom-right:10px;--button-border-radius-bottom-left:10px;\" target=\"_self\" href=\"https:\/\/hr.koiosintelligence.ca\/symfony\/web\/index.php\/recruitmentApply\/applyVacancy\/id\/5\"><span class=\"fusion-button-text awb-button__text awb-button__text--default\">Appliquer en ligne<\/span><\/a><\/div><div class=\"fusion-clearfix\"><\/div><\/div><\/div><\/div><\/div><\/p>","protected":false},"excerpt":{"rendered":"","protected":false},"author":2,"featured_media":0,"parent":549,"menu_order":0,"comment_status":"closed","ping_status":"open","template":"","meta":{"_acf_changed":false,"footnotes":""},"class_list":["post-942","page","type-page","status-publish","hentry"],"acf":[],"yoast_head":"<!-- This site is optimized with the Yoast SEO plugin v26.6 - https:\/\/yoast.com\/wordpress\/plugins\/seo\/ -->\n<title>Senior Front-End Developer - Ko\u00efos Intelligence<\/title>\n<meta name=\"robots\" content=\"index, follow, max-snippet:-1, max-image-preview:large, max-video-preview:-1\" \/>\n<link rel=\"canonical\" href=\"https:\/\/koiosintelligence.ca\/fr\/careers\/senior-frontend-developer\/\" \/>\n<meta property=\"og:locale\" content=\"fr_CA\" \/>\n<meta property=\"og:type\" content=\"article\" \/>\n<meta property=\"og:title\" content=\"Senior Front-End Developer - Ko\u00efos Intelligence\" \/>\n<meta property=\"og:url\" content=\"https:\/\/koiosintelligence.ca\/fr\/careers\/senior-frontend-developer\/\" \/>\n<meta property=\"og:site_name\" content=\"Ko\u00efos Intelligence\" \/>\n<meta property=\"article:modified_time\" content=\"2026-03-20T17:46:36+00:00\" \/>\n<meta name=\"twitter:card\" content=\"summary_large_image\" \/>\n<meta name=\"twitter:label1\" content=\"Estimation du temps de lecture\" \/>\n\t<meta name=\"twitter:data1\" content=\"4 minutes\" \/>\n<script type=\"application\/ld+json\" class=\"yoast-schema-graph\">{\"@context\":\"https:\/\/schema.org\",\"@graph\":[{\"@type\":\"WebPage\",\"@id\":\"https:\/\/koiosintelligence.ca\/careers\/senior-frontend-developer\/\",\"url\":\"https:\/\/koiosintelligence.ca\/careers\/senior-frontend-developer\/\",\"name\":\"Senior Front-End Developer - Ko\u00efos Intelligence\",\"isPartOf\":{\"@id\":\"https:\/\/koiosintelligence.ca\/#website\"},\"datePublished\":\"2021-12-07T18:50:28+00:00\",\"dateModified\":\"2026-03-20T17:46:36+00:00\",\"breadcrumb\":{\"@id\":\"https:\/\/koiosintelligence.ca\/careers\/senior-frontend-developer\/#breadcrumb\"},\"inLanguage\":\"fr-CA\",\"potentialAction\":[{\"@type\":\"ReadAction\",\"target\":[\"https:\/\/koiosintelligence.ca\/careers\/senior-frontend-developer\/\"]}]},{\"@type\":\"BreadcrumbList\",\"@id\":\"https:\/\/koiosintelligence.ca\/careers\/senior-frontend-developer\/#breadcrumb\",\"itemListElement\":[{\"@type\":\"ListItem\",\"position\":1,\"name\":\"Home\",\"item\":\"https:\/\/koiosintelligence.ca\/\"},{\"@type\":\"ListItem\",\"position\":2,\"name\":\"Careers\",\"item\":\"https:\/\/koiosintelligence.ca\/careers\/\"},{\"@type\":\"ListItem\",\"position\":3,\"name\":\"Senior Front-End Developer\"}]},{\"@type\":\"WebSite\",\"@id\":\"https:\/\/koiosintelligence.ca\/#website\",\"url\":\"https:\/\/koiosintelligence.ca\/\",\"name\":\"Ko\u00efos Intelligence\",\"description\":\"Delivering the next generation of intelligent systems for finance and insurance\",\"potentialAction\":[{\"@type\":\"SearchAction\",\"target\":{\"@type\":\"EntryPoint\",\"urlTemplate\":\"https:\/\/koiosintelligence.ca\/?s={search_term_string}\"},\"query-input\":{\"@type\":\"PropertyValueSpecification\",\"valueRequired\":true,\"valueName\":\"search_term_string\"}}],\"inLanguage\":\"fr-CA\"}]}<\/script>\n<!-- \/ Yoast SEO plugin. -->","yoast_head_json":{"title":"Senior Front-End Developer - Ko\u00efos Intelligence","robots":{"index":"index","follow":"follow","max-snippet":"max-snippet:-1","max-image-preview":"max-image-preview:large","max-video-preview":"max-video-preview:-1"},"canonical":"https:\/\/koiosintelligence.ca\/fr\/careers\/senior-frontend-developer\/","og_locale":"fr_CA","og_type":"article","og_title":"Senior Front-End Developer - Ko\u00efos Intelligence","og_url":"https:\/\/koiosintelligence.ca\/fr\/careers\/senior-frontend-developer\/","og_site_name":"Ko\u00efos Intelligence","article_modified_time":"2026-03-20T17:46:36+00:00","twitter_card":"summary_large_image","twitter_misc":{"Estimation du temps de lecture":"4 minutes"},"schema":{"@context":"https:\/\/schema.org","@graph":[{"@type":"WebPage","@id":"https:\/\/koiosintelligence.ca\/careers\/senior-frontend-developer\/","url":"https:\/\/koiosintelligence.ca\/careers\/senior-frontend-developer\/","name":"Senior Front-End Developer - Ko\u00efos Intelligence","isPartOf":{"@id":"https:\/\/koiosintelligence.ca\/#website"},"datePublished":"2021-12-07T18:50:28+00:00","dateModified":"2026-03-20T17:46:36+00:00","breadcrumb":{"@id":"https:\/\/koiosintelligence.ca\/careers\/senior-frontend-developer\/#breadcrumb"},"inLanguage":"fr-CA","potentialAction":[{"@type":"ReadAction","target":["https:\/\/koiosintelligence.ca\/careers\/senior-frontend-developer\/"]}]},{"@type":"BreadcrumbList","@id":"https:\/\/koiosintelligence.ca\/careers\/senior-frontend-developer\/#breadcrumb","itemListElement":[{"@type":"ListItem","position":1,"name":"Home","item":"https:\/\/koiosintelligence.ca\/"},{"@type":"ListItem","position":2,"name":"Careers","item":"https:\/\/koiosintelligence.ca\/careers\/"},{"@type":"ListItem","position":3,"name":"Senior Front-End Developer"}]},{"@type":"WebSite","@id":"https:\/\/koiosintelligence.ca\/#website","url":"https:\/\/koiosintelligence.ca\/","name":"Ko\u00efos Intelligence","description":"Delivering the next generation of intelligent systems for finance and insurance","potentialAction":[{"@type":"SearchAction","target":{"@type":"EntryPoint","urlTemplate":"https:\/\/koiosintelligence.ca\/?s={search_term_string}"},"query-input":{"@type":"PropertyValueSpecification","valueRequired":true,"valueName":"search_term_string"}}],"inLanguage":"fr-CA"}]}},"_links":{"self":[{"href":"https:\/\/koiosintelligence.ca\/fr\/wp-json\/wp\/v2\/pages\/942","targetHints":{"allow":["GET"]}}],"collection":[{"href":"https:\/\/koiosintelligence.ca\/fr\/wp-json\/wp\/v2\/pages"}],"about":[{"href":"https:\/\/koiosintelligence.ca\/fr\/wp-json\/wp\/v2\/types\/page"}],"author":[{"embeddable":true,"href":"https:\/\/koiosintelligence.ca\/fr\/wp-json\/wp\/v2\/users\/2"}],"replies":[{"embeddable":true,"href":"https:\/\/koiosintelligence.ca\/fr\/wp-json\/wp\/v2\/comments?post=942"}],"version-history":[{"count":15,"href":"https:\/\/koiosintelligence.ca\/fr\/wp-json\/wp\/v2\/pages\/942\/revisions"}],"predecessor-version":[{"id":22923,"href":"https:\/\/koiosintelligence.ca\/fr\/wp-json\/wp\/v2\/pages\/942\/revisions\/22923"}],"up":[{"embeddable":true,"href":"https:\/\/koiosintelligence.ca\/fr\/wp-json\/wp\/v2\/pages\/549"}],"wp:attachment":[{"href":"https:\/\/koiosintelligence.ca\/fr\/wp-json\/wp\/v2\/media?parent=942"}],"curies":[{"name":"wp","href":"https:\/\/api.w.org\/{rel}","templated":true}]}}